{"id":2583,"date":"2019-03-18T12:14:56","date_gmt":"2019-03-18T12:14:56","guid":{"rendered":"https:\/\/tiba.ch\/sonderangebote\/"},"modified":"2021-03-10T15:39:27","modified_gmt":"2021-03-10T14:39:27","slug":"toutes-nos-offres-speciales-en-un-coup-doeil","status":"publish","type":"page","link":"https:\/\/tiba.ch\/fr\/toutes-nos-offres-speciales-en-un-coup-doeil\/","title":{"rendered":"Toutes nos offres sp\u00e9ciales en un coup d&#8217;\u0153il"},"content":{"rendered":"","protected":false},"excerpt":{"rendered":"","protected":false},"author":1,"featured_media":0,"parent":0,"menu_order":0,"comment_status":"closed","ping_status":"closed","template":"page-sonderangebote.php","meta":{"_acf_changed":false,"inline_featured_image":false,"_monsterinsights_skip_tracking":false,"_monsterinsights_sitenote_active":false,"_monsterinsights_sitenote_note":"","_monsterinsights_sitenote_category":0,"footnotes":"","_links_to":"","_links_to_target":""},"class_list":["post-2583","page","type-page","status-publish","hentry"],"acf":[],"yoast_head":"<!-- This site is optimized with the Yoast SEO plugin v27.5 - https:\/\/yoast.com\/product\/yoast-seo-wordpress\/ -->\n<title>Toutes nos offres sp\u00e9ciales en un coup d&#039;\u0153il - Tiba AG \u2013 Innovative Heizsysteme, Herde und \u00d6fen<\/title>\n<meta name=\"robots\" content=\"index, follow, max-snippet:-1, max-image-preview:large, max-video-preview:-1\" \/>\n<link rel=\"canonical\" href=\"https:\/\/tiba.ch\/fr\/toutes-nos-offres-speciales-en-un-coup-doeil\/\" \/>\n<meta property=\"og:locale\" content=\"fr_FR\" \/>\n<meta property=\"og:type\" content=\"article\" \/>\n<meta property=\"og:title\" content=\"Toutes nos offres sp\u00e9ciales en un coup d&#039;\u0153il - Tiba AG \u2013 Innovative Heizsysteme, Herde und \u00d6fen\" \/>\n<meta property=\"og:url\" content=\"https:\/\/tiba.ch\/fr\/toutes-nos-offres-speciales-en-un-coup-doeil\/\" \/>\n<meta property=\"og:site_name\" content=\"Tiba AG \u2013 Innovative Heizsysteme, Herde und \u00d6fen\" \/>\n<meta property=\"article:modified_time\" content=\"2021-03-10T14:39:27+00:00\" \/>\n<meta name=\"twitter:card\" content=\"summary_large_image\" \/>\n<script type=\"application\/ld+json\" class=\"yoast-schema-graph\">{\"@context\":\"https:\\\/\\\/schema.org\",\"@graph\":[{\"@type\":\"WebPage\",\"@id\":\"https:\\\/\\\/tiba.ch\\\/fr\\\/toutes-nos-offres-speciales-en-un-coup-doeil\\\/\",\"url\":\"https:\\\/\\\/tiba.ch\\\/fr\\\/toutes-nos-offres-speciales-en-un-coup-doeil\\\/\",\"name\":\"Toutes nos offres sp\u00e9ciales en un coup d'\u0153il - Tiba AG \u2013 Innovative Heizsysteme, Herde und \u00d6fen\",\"isPartOf\":{\"@id\":\"https:\\\/\\\/tiba.ch\\\/fr\\\/#website\"},\"datePublished\":\"2019-03-18T12:14:56+00:00\",\"dateModified\":\"2021-03-10T14:39:27+00:00\",\"breadcrumb\":{\"@id\":\"https:\\\/\\\/tiba.ch\\\/fr\\\/toutes-nos-offres-speciales-en-un-coup-doeil\\\/#breadcrumb\"},\"inLanguage\":\"fr-FR\",\"potentialAction\":[{\"@type\":\"ReadAction\",\"target\":[\"https:\\\/\\\/tiba.ch\\\/fr\\\/toutes-nos-offres-speciales-en-un-coup-doeil\\\/\"]}]},{\"@type\":\"BreadcrumbList\",\"@id\":\"https:\\\/\\\/tiba.ch\\\/fr\\\/toutes-nos-offres-speciales-en-un-coup-doeil\\\/#breadcrumb\",\"itemListElement\":[{\"@type\":\"ListItem\",\"position\":1,\"name\":\"Startseite\",\"item\":\"https:\\\/\\\/tiba.ch\\\/fr\\\/\"},{\"@type\":\"ListItem\",\"position\":2,\"name\":\"Toutes nos offres sp\u00e9ciales en un coup d&#8217;\u0153il\"}]},{\"@type\":\"WebSite\",\"@id\":\"https:\\\/\\\/tiba.ch\\\/fr\\\/#website\",\"url\":\"https:\\\/\\\/tiba.ch\\\/fr\\\/\",\"name\":\"Tiba AG \u2013 Innovative Heizsysteme, Herde und \u00d6fen\",\"description\":\"Wir stehen f\u00fcr kompromisslose Qualit\u00e4t, Innovation und elegantes Design \u00abMade in Switzerland\u00bb \u2013 seit \u00fcber 100 Jahren.\",\"potentialAction\":[{\"@type\":\"SearchAction\",\"target\":{\"@type\":\"EntryPoint\",\"urlTemplate\":\"https:\\\/\\\/tiba.ch\\\/fr\\\/?s={search_term_string}\"},\"query-input\":{\"@type\":\"PropertyValueSpecification\",\"valueRequired\":true,\"valueName\":\"search_term_string\"}}],\"inLanguage\":\"fr-FR\"}]}<\/script>\n<!-- \/ Yoast SEO plugin. -->","yoast_head_json":{"title":"Toutes nos offres sp\u00e9ciales en un coup d'\u0153il - Tiba AG \u2013 Innovative Heizsysteme, Herde und \u00d6fen","robots":{"index":"index","follow":"follow","max-snippet":"max-snippet:-1","max-image-preview":"max-image-preview:large","max-video-preview":"max-video-preview:-1"},"canonical":"https:\/\/tiba.ch\/fr\/toutes-nos-offres-speciales-en-un-coup-doeil\/","og_locale":"fr_FR","og_type":"article","og_title":"Toutes nos offres sp\u00e9ciales en un coup d'\u0153il - Tiba AG \u2013 Innovative Heizsysteme, Herde und \u00d6fen","og_url":"https:\/\/tiba.ch\/fr\/toutes-nos-offres-speciales-en-un-coup-doeil\/","og_site_name":"Tiba AG \u2013 Innovative Heizsysteme, Herde und \u00d6fen","article_modified_time":"2021-03-10T14:39:27+00:00","twitter_card":"summary_large_image","schema":{"@context":"https:\/\/schema.org","@graph":[{"@type":"WebPage","@id":"https:\/\/tiba.ch\/fr\/toutes-nos-offres-speciales-en-un-coup-doeil\/","url":"https:\/\/tiba.ch\/fr\/toutes-nos-offres-speciales-en-un-coup-doeil\/","name":"Toutes nos offres sp\u00e9ciales en un coup d'\u0153il - Tiba AG \u2013 Innovative Heizsysteme, Herde und \u00d6fen","isPartOf":{"@id":"https:\/\/tiba.ch\/fr\/#website"},"datePublished":"2019-03-18T12:14:56+00:00","dateModified":"2021-03-10T14:39:27+00:00","breadcrumb":{"@id":"https:\/\/tiba.ch\/fr\/toutes-nos-offres-speciales-en-un-coup-doeil\/#breadcrumb"},"inLanguage":"fr-FR","potentialAction":[{"@type":"ReadAction","target":["https:\/\/tiba.ch\/fr\/toutes-nos-offres-speciales-en-un-coup-doeil\/"]}]},{"@type":"BreadcrumbList","@id":"https:\/\/tiba.ch\/fr\/toutes-nos-offres-speciales-en-un-coup-doeil\/#breadcrumb","itemListElement":[{"@type":"ListItem","position":1,"name":"Startseite","item":"https:\/\/tiba.ch\/fr\/"},{"@type":"ListItem","position":2,"name":"Toutes nos offres sp\u00e9ciales en un coup d&#8217;\u0153il"}]},{"@type":"WebSite","@id":"https:\/\/tiba.ch\/fr\/#website","url":"https:\/\/tiba.ch\/fr\/","name":"Tiba AG \u2013 Innovative Heizsysteme, Herde und \u00d6fen","description":"Wir stehen f\u00fcr kompromisslose Qualit\u00e4t, Innovation und elegantes Design \u00abMade in Switzerland\u00bb \u2013 seit \u00fcber 100 Jahren.","potentialAction":[{"@type":"SearchAction","target":{"@type":"EntryPoint","urlTemplate":"https:\/\/tiba.ch\/fr\/?s={search_term_string}"},"query-input":{"@type":"PropertyValueSpecification","valueRequired":true,"valueName":"search_term_string"}}],"inLanguage":"fr-FR"}]}},"_links":{"self":[{"href":"https:\/\/tiba.ch\/fr\/wp-json\/wp\/v2\/pages\/2583","targetHints":{"allow":["GET"]}}],"collection":[{"href":"https:\/\/tiba.ch\/fr\/wp-json\/wp\/v2\/pages"}],"about":[{"href":"https:\/\/tiba.ch\/fr\/wp-json\/wp\/v2\/types\/page"}],"author":[{"embeddable":true,"href":"https:\/\/tiba.ch\/fr\/wp-json\/wp\/v2\/users\/1"}],"replies":[{"embeddable":true,"href":"https:\/\/tiba.ch\/fr\/wp-json\/wp\/v2\/comments?post=2583"}],"version-history":[{"count":0,"href":"https:\/\/tiba.ch\/fr\/wp-json\/wp\/v2\/pages\/2583\/revisions"}],"wp:attachment":[{"href":"https:\/\/tiba.ch\/fr\/wp-json\/wp\/v2\/media?parent=2583"}],"curies":[{"name":"wp","href":"https:\/\/api.w.org\/{rel}","templated":true}]}}