{"id":3140,"date":"2019-04-27T16:44:07","date_gmt":"2019-04-27T16:44:07","guid":{"rendered":"https:\/\/tiba.ch\/conseil-service\/ersatzteile-bestellen\/"},"modified":"2019-07-01T21:28:26","modified_gmt":"2019-07-01T19:28:26","slug":"commander-des-pieces-de-rechange","status":"publish","type":"page","link":"https:\/\/tiba.ch\/fr\/commander-des-pieces-de-rechange\/","title":{"rendered":"Commander des pi\u00e8ces de rechange"},"content":{"rendered":"","protected":false},"excerpt":{"rendered":"","protected":false},"author":1,"featured_media":0,"parent":0,"menu_order":0,"comment_status":"closed","ping_status":"closed","template":"page-ersatzteile.php","meta":{"_acf_changed":false,"inline_featured_image":false,"_monsterinsights_skip_tracking":false,"_monsterinsights_sitenote_active":false,"_monsterinsights_sitenote_note":"","_monsterinsights_sitenote_category":0,"footnotes":"","_links_to":"","_links_to_target":""},"class_list":["post-3140","page","type-page","status-publish","hentry"],"acf":[],"yoast_head":"<!-- This site is optimized with the Yoast SEO plugin v27.4 - https:\/\/yoast.com\/product\/yoast-seo-wordpress\/ -->\n<title>Commander des pi\u00e8ces de rechange - Tiba AG \u2013 Innovative Heizsysteme, Herde und \u00d6fen<\/title>\n<meta name=\"robots\" content=\"index, follow, max-snippet:-1, max-image-preview:large, max-video-preview:-1\" \/>\n<link rel=\"canonical\" href=\"https:\/\/tiba.ch\/fr\/commander-des-pieces-de-rechange\/\" \/>\n<meta property=\"og:locale\" content=\"fr_FR\" \/>\n<meta property=\"og:type\" content=\"article\" \/>\n<meta property=\"og:title\" content=\"Commander des pi\u00e8ces de rechange - Tiba AG \u2013 Innovative Heizsysteme, Herde und \u00d6fen\" \/>\n<meta property=\"og:url\" content=\"https:\/\/tiba.ch\/fr\/commander-des-pieces-de-rechange\/\" \/>\n<meta property=\"og:site_name\" content=\"Tiba AG \u2013 Innovative Heizsysteme, Herde und \u00d6fen\" \/>\n<meta property=\"article:modified_time\" content=\"2019-07-01T19:28:26+00:00\" \/>\n<meta name=\"twitter:card\" content=\"summary_large_image\" \/>\n<script type=\"application\/ld+json\" class=\"yoast-schema-graph\">{\"@context\":\"https:\\\/\\\/schema.org\",\"@graph\":[{\"@type\":\"WebPage\",\"@id\":\"https:\\\/\\\/tiba.ch\\\/fr\\\/commander-des-pieces-de-rechange\\\/\",\"url\":\"https:\\\/\\\/tiba.ch\\\/fr\\\/commander-des-pieces-de-rechange\\\/\",\"name\":\"Commander des pi\u00e8ces de rechange - Tiba AG \u2013 Innovative Heizsysteme, Herde und \u00d6fen\",\"isPartOf\":{\"@id\":\"https:\\\/\\\/tiba.ch\\\/fr\\\/#website\"},\"datePublished\":\"2019-04-27T16:44:07+00:00\",\"dateModified\":\"2019-07-01T19:28:26+00:00\",\"breadcrumb\":{\"@id\":\"https:\\\/\\\/tiba.ch\\\/fr\\\/commander-des-pieces-de-rechange\\\/#breadcrumb\"},\"inLanguage\":\"fr-FR\",\"potentialAction\":[{\"@type\":\"ReadAction\",\"target\":[\"https:\\\/\\\/tiba.ch\\\/fr\\\/commander-des-pieces-de-rechange\\\/\"]}]},{\"@type\":\"BreadcrumbList\",\"@id\":\"https:\\\/\\\/tiba.ch\\\/fr\\\/commander-des-pieces-de-rechange\\\/#breadcrumb\",\"itemListElement\":[{\"@type\":\"ListItem\",\"position\":1,\"name\":\"Startseite\",\"item\":\"https:\\\/\\\/tiba.ch\\\/fr\\\/\"},{\"@type\":\"ListItem\",\"position\":2,\"name\":\"Commander des pi\u00e8ces de rechange\"}]},{\"@type\":\"WebSite\",\"@id\":\"https:\\\/\\\/tiba.ch\\\/fr\\\/#website\",\"url\":\"https:\\\/\\\/tiba.ch\\\/fr\\\/\",\"name\":\"Tiba AG \u2013 Innovative Heizsysteme, Herde und \u00d6fen\",\"description\":\"Wir stehen f\u00fcr kompromisslose Qualit\u00e4t, Innovation und elegantes Design \u00abMade in Switzerland\u00bb \u2013 seit \u00fcber 100 Jahren.\",\"potentialAction\":[{\"@type\":\"SearchAction\",\"target\":{\"@type\":\"EntryPoint\",\"urlTemplate\":\"https:\\\/\\\/tiba.ch\\\/fr\\\/?s={search_term_string}\"},\"query-input\":{\"@type\":\"PropertyValueSpecification\",\"valueRequired\":true,\"valueName\":\"search_term_string\"}}],\"inLanguage\":\"fr-FR\"}]}<\/script>\n<!-- \/ Yoast SEO plugin. -->","yoast_head_json":{"title":"Commander des pi\u00e8ces de rechange - Tiba AG \u2013 Innovative Heizsysteme, Herde und \u00d6fen","robots":{"index":"index","follow":"follow","max-snippet":"max-snippet:-1","max-image-preview":"max-image-preview:large","max-video-preview":"max-video-preview:-1"},"canonical":"https:\/\/tiba.ch\/fr\/commander-des-pieces-de-rechange\/","og_locale":"fr_FR","og_type":"article","og_title":"Commander des pi\u00e8ces de rechange - Tiba AG \u2013 Innovative Heizsysteme, Herde und \u00d6fen","og_url":"https:\/\/tiba.ch\/fr\/commander-des-pieces-de-rechange\/","og_site_name":"Tiba AG \u2013 Innovative Heizsysteme, Herde und \u00d6fen","article_modified_time":"2019-07-01T19:28:26+00:00","twitter_card":"summary_large_image","schema":{"@context":"https:\/\/schema.org","@graph":[{"@type":"WebPage","@id":"https:\/\/tiba.ch\/fr\/commander-des-pieces-de-rechange\/","url":"https:\/\/tiba.ch\/fr\/commander-des-pieces-de-rechange\/","name":"Commander des pi\u00e8ces de rechange - Tiba AG \u2013 Innovative Heizsysteme, Herde und \u00d6fen","isPartOf":{"@id":"https:\/\/tiba.ch\/fr\/#website"},"datePublished":"2019-04-27T16:44:07+00:00","dateModified":"2019-07-01T19:28:26+00:00","breadcrumb":{"@id":"https:\/\/tiba.ch\/fr\/commander-des-pieces-de-rechange\/#breadcrumb"},"inLanguage":"fr-FR","potentialAction":[{"@type":"ReadAction","target":["https:\/\/tiba.ch\/fr\/commander-des-pieces-de-rechange\/"]}]},{"@type":"BreadcrumbList","@id":"https:\/\/tiba.ch\/fr\/commander-des-pieces-de-rechange\/#breadcrumb","itemListElement":[{"@type":"ListItem","position":1,"name":"Startseite","item":"https:\/\/tiba.ch\/fr\/"},{"@type":"ListItem","position":2,"name":"Commander des pi\u00e8ces de rechange"}]},{"@type":"WebSite","@id":"https:\/\/tiba.ch\/fr\/#website","url":"https:\/\/tiba.ch\/fr\/","name":"Tiba AG \u2013 Innovative Heizsysteme, Herde und \u00d6fen","description":"Wir stehen f\u00fcr kompromisslose Qualit\u00e4t, Innovation und elegantes Design \u00abMade in Switzerland\u00bb \u2013 seit \u00fcber 100 Jahren.","potentialAction":[{"@type":"SearchAction","target":{"@type":"EntryPoint","urlTemplate":"https:\/\/tiba.ch\/fr\/?s={search_term_string}"},"query-input":{"@type":"PropertyValueSpecification","valueRequired":true,"valueName":"search_term_string"}}],"inLanguage":"fr-FR"}]}},"_links":{"self":[{"href":"https:\/\/tiba.ch\/fr\/wp-json\/wp\/v2\/pages\/3140","targetHints":{"allow":["GET"]}}],"collection":[{"href":"https:\/\/tiba.ch\/fr\/wp-json\/wp\/v2\/pages"}],"about":[{"href":"https:\/\/tiba.ch\/fr\/wp-json\/wp\/v2\/types\/page"}],"author":[{"embeddable":true,"href":"https:\/\/tiba.ch\/fr\/wp-json\/wp\/v2\/users\/1"}],"replies":[{"embeddable":true,"href":"https:\/\/tiba.ch\/fr\/wp-json\/wp\/v2\/comments?post=3140"}],"version-history":[{"count":0,"href":"https:\/\/tiba.ch\/fr\/wp-json\/wp\/v2\/pages\/3140\/revisions"}],"wp:attachment":[{"href":"https:\/\/tiba.ch\/fr\/wp-json\/wp\/v2\/media?parent=3140"}],"curies":[{"name":"wp","href":"https:\/\/api.w.org\/{rel}","templated":true}]}}