{"id":4192,"date":"2019-09-06T19:24:02","date_gmt":"2019-09-06T17:24:02","guid":{"rendered":"https:\/\/tiba.ch\/haendlerbereich\/"},"modified":"2025-09-26T07:14:53","modified_gmt":"2025-09-26T05:14:53","slug":"espace-revendeur","status":"publish","type":"page","link":"https:\/\/tiba.ch\/fr\/espace-revendeur\/","title":{"rendered":"Espace revendeur"},"content":{"rendered":"Vous devez \u00eatre connect\u00e9 pour voir ce contenu.","protected":false},"excerpt":{"rendered":"Vous devez \u00eatre connect\u00e9 pour voir ce contenu.","protected":false},"author":1,"featured_media":0,"parent":0,"menu_order":999,"comment_status":"closed","ping_status":"closed","template":"page-haendlerbereich.php","meta":{"_acf_changed":false,"inline_featured_image":false,"_monsterinsights_skip_tracking":false,"_monsterinsights_sitenote_active":false,"_monsterinsights_sitenote_note":"","_monsterinsights_sitenote_category":0,"footnotes":"","_links_to":"","_links_to_target":""},"class_list":["post-4192","page","type-page","status-publish","hentry"],"acf":[],"yoast_head":"<!-- This site is optimized with the Yoast SEO plugin v27.4 - https:\/\/yoast.com\/product\/yoast-seo-wordpress\/ -->\n<title>Espace revendeur - Tiba AG \u2013 Innovative Heizsysteme, Herde und \u00d6fen<\/title>\n<meta name=\"robots\" content=\"noindex, nofollow\" \/>\n<meta property=\"og:locale\" content=\"fr_FR\" \/>\n<meta property=\"og:type\" content=\"article\" \/>\n<meta property=\"og:title\" content=\"Espace revendeur - Tiba AG \u2013 Innovative Heizsysteme, Herde und \u00d6fen\" \/>\n<meta property=\"og:description\" content=\"Ce contenu n\u2019est accessible qu\u2019aux membres du site. Si vous \u00eates inscrit, veuillez vous connecter. Les nouveaux utilisateurs peuvent s&#039;inscrire ci-dessous.Connexion pour les utilisateurs enregistr\u00e9sIdentifiant ou e-mailMot de passe&nbsp;Se souvenir de moi&nbsp;&nbsp;Nouvel utilisateur\u00a0?Choisissez un Nom d\u2019utilisateur*Pr\u00e9nom*Nom*Adresse 1*Compl\u00e9ment d\u2019adresseVille*\u00c9tat*Code postal*Pays*Phone*Courriel**Champ requis\" \/>\n<meta property=\"og:url\" content=\"https:\/\/tiba.ch\/fr\/espace-revendeur\/\" \/>\n<meta property=\"og:site_name\" content=\"Tiba AG \u2013 Innovative Heizsysteme, Herde und \u00d6fen\" \/>\n<meta property=\"article:modified_time\" content=\"2025-09-26T05:14:53+00:00\" \/>\n<meta name=\"twitter:card\" content=\"summary_large_image\" \/>\n<meta name=\"twitter:label1\" content=\"Dur\u00e9e de lecture estim\u00e9e\" \/>\n\t<meta name=\"twitter:data1\" content=\"1 minute\" \/>\n<script type=\"application\/ld+json\" class=\"yoast-schema-graph\">{\"@context\":\"https:\\\/\\\/schema.org\",\"@graph\":[{\"@type\":\"WebPage\",\"@id\":\"https:\\\/\\\/tiba.ch\\\/fr\\\/espace-revendeur\\\/\",\"url\":\"https:\\\/\\\/tiba.ch\\\/fr\\\/espace-revendeur\\\/\",\"name\":\"Espace revendeur - Tiba AG \u2013 Innovative Heizsysteme, Herde und \u00d6fen\",\"isPartOf\":{\"@id\":\"https:\\\/\\\/tiba.ch\\\/fr\\\/#website\"},\"datePublished\":\"2019-09-06T17:24:02+00:00\",\"dateModified\":\"2025-09-26T05:14:53+00:00\",\"breadcrumb\":{\"@id\":\"https:\\\/\\\/tiba.ch\\\/fr\\\/espace-revendeur\\\/#breadcrumb\"},\"inLanguage\":\"fr-FR\",\"potentialAction\":[{\"@type\":\"ReadAction\",\"target\":[\"https:\\\/\\\/tiba.ch\\\/fr\\\/espace-revendeur\\\/\"]}]},{\"@type\":\"BreadcrumbList\",\"@id\":\"https:\\\/\\\/tiba.ch\\\/fr\\\/espace-revendeur\\\/#breadcrumb\",\"itemListElement\":[{\"@type\":\"ListItem\",\"position\":1,\"name\":\"Startseite\",\"item\":\"https:\\\/\\\/tiba.ch\\\/fr\\\/\"},{\"@type\":\"ListItem\",\"position\":2,\"name\":\"Espace revendeur\"}]},{\"@type\":\"WebSite\",\"@id\":\"https:\\\/\\\/tiba.ch\\\/fr\\\/#website\",\"url\":\"https:\\\/\\\/tiba.ch\\\/fr\\\/\",\"name\":\"Tiba AG \u2013 Innovative Heizsysteme, Herde und \u00d6fen\",\"description\":\"Wir stehen f\u00fcr kompromisslose Qualit\u00e4t, Innovation und elegantes Design \u00abMade in Switzerland\u00bb \u2013 seit \u00fcber 100 Jahren.\",\"potentialAction\":[{\"@type\":\"SearchAction\",\"target\":{\"@type\":\"EntryPoint\",\"urlTemplate\":\"https:\\\/\\\/tiba.ch\\\/fr\\\/?s={search_term_string}\"},\"query-input\":{\"@type\":\"PropertyValueSpecification\",\"valueRequired\":true,\"valueName\":\"search_term_string\"}}],\"inLanguage\":\"fr-FR\"}]}<\/script>\n<!-- \/ Yoast SEO plugin. -->","yoast_head_json":{"title":"Espace revendeur - Tiba AG \u2013 Innovative Heizsysteme, Herde und \u00d6fen","robots":{"index":"noindex","follow":"nofollow"},"og_locale":"fr_FR","og_type":"article","og_title":"Espace revendeur - Tiba AG \u2013 Innovative Heizsysteme, Herde und \u00d6fen","og_description":"Ce contenu n\u2019est accessible qu\u2019aux membres du site. Si vous \u00eates inscrit, veuillez vous connecter. Les nouveaux utilisateurs peuvent s'inscrire ci-dessous.Connexion pour les utilisateurs enregistr\u00e9sIdentifiant ou e-mailMot de passe&nbsp;Se souvenir de moi&nbsp;&nbsp;Nouvel utilisateur\u00a0?Choisissez un Nom d\u2019utilisateur*Pr\u00e9nom*Nom*Adresse 1*Compl\u00e9ment d\u2019adresseVille*\u00c9tat*Code postal*Pays*Phone*Courriel**Champ requis","og_url":"https:\/\/tiba.ch\/fr\/espace-revendeur\/","og_site_name":"Tiba AG \u2013 Innovative Heizsysteme, Herde und \u00d6fen","article_modified_time":"2025-09-26T05:14:53+00:00","twitter_card":"summary_large_image","twitter_misc":{"Dur\u00e9e de lecture estim\u00e9e":"1 minute"},"schema":{"@context":"https:\/\/schema.org","@graph":[{"@type":"WebPage","@id":"https:\/\/tiba.ch\/fr\/espace-revendeur\/","url":"https:\/\/tiba.ch\/fr\/espace-revendeur\/","name":"Espace revendeur - Tiba AG \u2013 Innovative Heizsysteme, Herde und \u00d6fen","isPartOf":{"@id":"https:\/\/tiba.ch\/fr\/#website"},"datePublished":"2019-09-06T17:24:02+00:00","dateModified":"2025-09-26T05:14:53+00:00","breadcrumb":{"@id":"https:\/\/tiba.ch\/fr\/espace-revendeur\/#breadcrumb"},"inLanguage":"fr-FR","potentialAction":[{"@type":"ReadAction","target":["https:\/\/tiba.ch\/fr\/espace-revendeur\/"]}]},{"@type":"BreadcrumbList","@id":"https:\/\/tiba.ch\/fr\/espace-revendeur\/#breadcrumb","itemListElement":[{"@type":"ListItem","position":1,"name":"Startseite","item":"https:\/\/tiba.ch\/fr\/"},{"@type":"ListItem","position":2,"name":"Espace revendeur"}]},{"@type":"WebSite","@id":"https:\/\/tiba.ch\/fr\/#website","url":"https:\/\/tiba.ch\/fr\/","name":"Tiba AG \u2013 Innovative Heizsysteme, Herde und \u00d6fen","description":"Wir stehen f\u00fcr kompromisslose Qualit\u00e4t, Innovation und elegantes Design \u00abMade in Switzerland\u00bb \u2013 seit \u00fcber 100 Jahren.","potentialAction":[{"@type":"SearchAction","target":{"@type":"EntryPoint","urlTemplate":"https:\/\/tiba.ch\/fr\/?s={search_term_string}"},"query-input":{"@type":"PropertyValueSpecification","valueRequired":true,"valueName":"search_term_string"}}],"inLanguage":"fr-FR"}]}},"_links":{"self":[{"href":"https:\/\/tiba.ch\/fr\/wp-json\/wp\/v2\/pages\/4192","targetHints":{"allow":["GET"]}}],"collection":[{"href":"https:\/\/tiba.ch\/fr\/wp-json\/wp\/v2\/pages"}],"about":[{"href":"https:\/\/tiba.ch\/fr\/wp-json\/wp\/v2\/types\/page"}],"author":[{"embeddable":true,"href":"https:\/\/tiba.ch\/fr\/wp-json\/wp\/v2\/users\/1"}],"replies":[{"embeddable":true,"href":"https:\/\/tiba.ch\/fr\/wp-json\/wp\/v2\/comments?post=4192"}],"version-history":[{"count":11,"href":"https:\/\/tiba.ch\/fr\/wp-json\/wp\/v2\/pages\/4192\/revisions"}],"predecessor-version":[{"id":30334,"href":"https:\/\/tiba.ch\/fr\/wp-json\/wp\/v2\/pages\/4192\/revisions\/30334"}],"wp:attachment":[{"href":"https:\/\/tiba.ch\/fr\/wp-json\/wp\/v2\/media?parent=4192"}],"curies":[{"name":"wp","href":"https:\/\/api.w.org\/{rel}","templated":true}]}}