{"id":4860,"date":"2019-10-15T12:48:52","date_gmt":"2019-10-15T10:48:52","guid":{"rendered":"https:\/\/tiba.ch\/?page_id=4860"},"modified":"2019-10-15T12:48:52","modified_gmt":"2019-10-15T10:48:52","slug":"prendre-un-rendez-vous-dans-lexposition","status":"publish","type":"page","link":"https:\/\/tiba.ch\/fr\/prendre-un-rendez-vous-dans-lexposition\/","title":{"rendered":"Prendre un rendez-vous dans l\u2019exposition"},"content":{"rendered":"\n<div class=\"wpcf7 no-js\" id=\"wpcf7-f4858-o1\" lang=\"de-DE\" dir=\"ltr\" data-wpcf7-id=\"4858\">\n<div class=\"screen-reader-response\"><p role=\"status\" aria-live=\"polite\" aria-atomic=\"true\"><\/p> <ul><\/ul><\/div>\n<form action=\"\/fr\/wp-json\/wp\/v2\/pages\/4860#wpcf7-f4858-o1\" method=\"post\" class=\"wpcf7-form init\" aria-label=\"Kontaktformular\" novalidate=\"novalidate\" data-status=\"init\">\n<fieldset class=\"hidden-fields-container\"><input type=\"hidden\" name=\"_wpcf7\" value=\"4858\" \/><input type=\"hidden\" name=\"_wpcf7_version\" value=\"6.1.4\" \/><input type=\"hidden\" name=\"_wpcf7_locale\" value=\"de_DE\" \/><input type=\"hidden\" name=\"_wpcf7_unit_tag\" value=\"wpcf7-f4858-o1\" \/><input type=\"hidden\" name=\"_wpcf7_container_post\" value=\"0\" \/><input type=\"hidden\" name=\"_wpcf7_posted_data_hash\" value=\"\" \/><input type=\"hidden\" name=\"_wpcf7cf_hidden_group_fields\" value=\"[]\" \/><input type=\"hidden\" name=\"_wpcf7cf_hidden_groups\" value=\"[]\" \/><input type=\"hidden\" name=\"_wpcf7cf_visible_groups\" value=\"[]\" \/><input type=\"hidden\" name=\"_wpcf7cf_repeaters\" value=\"[]\" \/><input type=\"hidden\" name=\"_wpcf7cf_steps\" value=\"{}\" \/><input type=\"hidden\" name=\"_wpcf7cf_options\" value=\"{&quot;form_id&quot;:4858,&quot;conditions&quot;:[],&quot;settings&quot;:{&quot;animation&quot;:&quot;yes&quot;,&quot;animation_intime&quot;:200,&quot;animation_outtime&quot;:200,&quot;conditions_ui&quot;:&quot;normal&quot;,&quot;notice_dismissed&quot;:false,&quot;notice_dismissed_update-cf7-5.4&quot;:true,&quot;notice_dismissed_update-cf7-5.4.1&quot;:true,&quot;notice_dismissed_update-cf7-5.5.3&quot;:true,&quot;notice_dismissed_update-cf7-5.5.4&quot;:true,&quot;notice_dismissed_update-cf7-5.5.5&quot;:true,&quot;notice_dismissed_update-cf7-5.5.6&quot;:true,&quot;notice_dismissed_update-cf7-5.5.6.1&quot;:true,&quot;notice_dismissed_update-cf7-5.6&quot;:true,&quot;notice_dismissed_update-cf7-5.6.1&quot;:true,&quot;notice_dismissed_update-cf7-5.6.2&quot;:true,&quot;notice_dismissed_update-cf7-5.6.3&quot;:true,&quot;notice_dismissed_rollback-cf7-5.6.4&quot;:true,&quot;notice_dismissed_update-cf7-5.7.1&quot;:true,&quot;notice_dismissed_update-cf7-5.7.2&quot;:true,&quot;notice_dismissed_update-cf7-5.7.6&quot;:true,&quot;notice_dismissed_update-cf7-5.7.7&quot;:true,&quot;notice_dismissed_update-cf7-5.8.1&quot;:true,&quot;notice_dismissed_update-cf7-5.8.2&quot;:true,&quot;notice_dismissed_update-cf7-5.8.3&quot;:true,&quot;notice_dismissed_update-cf7-5.8.6&quot;:true,&quot;notice_dismissed_update-cf7-5.9.4&quot;:true,&quot;notice_dismissed_update-cf7-5.9.5&quot;:true,&quot;notice_dismissed_update-cf7-5.9.7&quot;:true,&quot;notice_dismissed_update-cf7-5.9.8&quot;:true,&quot;notice_dismissed_update-cf7-6.0.2&quot;:true,&quot;notice_dismissed_update-cf7-6.0.6&quot;:true,&quot;notice_dismissed_update-cf7-6.1&quot;:true,&quot;notice_dismissed_update-cf7-6.1.1&quot;:true,&quot;notice_dismissed_update-cf7-6.1.3&quot;:true}}\" \/><input type=\"hidden\" name=\"_wpcf7dtx_version\" value=\"5.0.5\" \/><input type=\"hidden\" name=\"_wpcf7_recaptcha_response\" value=\"\" \/>\n<\/fieldset>\n<div class=\"form-elements\">\n<div class=\"form-element\"><span class=\"wpcf7-form-control-wrap\" data-name=\"nname\"><input size=\"40\" maxlength=\"400\" class=\"wpcf7-form-control wpcf7-text wpcf7-validates-as-required\" aria-required=\"true\" aria-invalid=\"false\" placeholder=\"Nom *\" value=\"\" type=\"text\" name=\"nname\" \/><\/span><\/div>\n<div class=\"form-element\"><span class=\"wpcf7-form-control-wrap\" data-name=\"vname\"><input size=\"40\" maxlength=\"400\" class=\"wpcf7-form-control wpcf7-text wpcf7-validates-as-required\" aria-required=\"true\" aria-invalid=\"false\" placeholder=\"Pr\u00e9nom *\" value=\"\" type=\"text\" name=\"vname\" \/><\/span><\/div>\n<\/div>\n<div class=\"form-elements\">\n<div class=\"form-element\"><span class=\"wpcf7-form-control-wrap\" data-name=\"telefon\"><input size=\"40\" maxlength=\"400\" class=\"wpcf7-form-control wpcf7-text wpcf7-validates-as-required\" aria-required=\"true\" aria-invalid=\"false\" placeholder=\"T\u00e9l\u00e9phone *\" value=\"\" type=\"text\" name=\"telefon\" \/><\/span><\/div>\n<div class=\"form-element\"><span class=\"wpcf7-form-control-wrap\" data-name=\"email\"><input size=\"40\" maxlength=\"400\" class=\"wpcf7-form-control wpcf7-email wpcf7-validates-as-required wpcf7-text wpcf7-validates-as-email\" aria-required=\"true\" aria-invalid=\"false\" placeholder=\"E-Mail *\" value=\"\" type=\"email\" name=\"email\" \/><\/span><\/div>\n<\/div>\n<div class=\"form-elements\">\n<div class=\"form-element\"><label>Date voulue<\/label><span class=\"wpcf7-form-control-wrap\" data-name=\"wunschtermin\"><input class=\"wpcf7-form-control wpcf7-date wpcf7-validates-as-date\" min=\"2026-04-19\" aria-invalid=\"false\" placeholder=\"jj.mm.aaaa\" value=\"\" type=\"date\" name=\"wunschtermin\" \/><\/span><\/div>\n<div class=\"form-element\"><label>Heure voulue<\/label><span class=\"wpcf7-form-control-wrap\" data-name=\"wunschzeit\"><input size=\"40\" maxlength=\"400\" class=\"wpcf7-form-control wpcf7-text\" id=\"timepicker\" aria-invalid=\"false\" placeholder=\"hh:mm\" value=\"\" type=\"text\" name=\"wunschzeit\" \/><\/span><\/div>\n<\/div>\n<div class=\"form-elements\">\n<div class=\"form-element-full\"><span class=\"wpcf7-form-control-wrap\" data-name=\"bemerkungen\"><textarea cols=\"40\" rows=\"4\" maxlength=\"2000\" class=\"wpcf7-form-control wpcf7-textarea\" aria-invalid=\"false\" placeholder=\"Commentaires\" name=\"bemerkungen\"><\/textarea><\/span><\/div>\n<div class=\"form-element-full submit\"><span class=\"wpcf7-form-control-wrap emailvb\" data-name=\"emailvb\"><input type=\"hidden\" name=\"emailvb\" class=\"wpcf7-form-control wpcf7-hidden wpcf7dtx wpcf7dtx-hidden\" aria-invalid=\"false\"><\/span><input class=\"wpcf7-form-control wpcf7-submit has-spinner\" type=\"submit\" value=\"Envoyer\" \/><\/div>\n<\/div>\n<p class=\"small\">Ce site Web est prot\u00e9g\u00e9 par reCAPTCHA et les <a href=\"https:\/\/policies.google.com\/privacy\" target=\"_blank\">R\u00e8gles de confidentialit\u00e9<\/a> et <a href apply =\"https:\/\/policies.google.com\/terms\" target=\"_blank\">Conditions d'utilisation de Google<\/a>.<\/p><div class=\"wpcf7-response-output\" aria-hidden=\"true\"><\/div>\n<\/form>\n<\/div>\n\n<p><strong><a class=\"kback\" href=\"\/fr\/conseil-service\/voir-le-produit-dans-lexposition\">\u2190 retour \u00e0 l&#8217;aper\u00e7u<\/a><\/strong><\/p>\n","protected":false},"excerpt":{"rendered":"<p>\u2190 retour \u00e0 l&#8217;aper\u00e7u<\/p>\n","protected":false},"author":1,"featured_media":0,"parent":0,"menu_order":99,"comment_status":"closed","ping_status":"closed","template":"","meta":{"_acf_changed":false,"inline_featured_image":false,"_monsterinsights_skip_tracking":false,"_monsterinsights_sitenote_active":false,"_monsterinsights_sitenote_note":"","_monsterinsights_sitenote_category":0,"footnotes":"","_links_to":"","_links_to_target":""},"class_list":["post-4860","page","type-page","status-publish","hentry"],"acf":[],"yoast_head":"<!-- This site is optimized with the Yoast SEO plugin v27.4 - https:\/\/yoast.com\/product\/yoast-seo-wordpress\/ -->\n<title>Prendre un rendez-vous dans l\u2019exposition - Tiba AG \u2013 Innovative Heizsysteme, Herde und \u00d6fen<\/title>\n<meta name=\"robots\" content=\"noindex, nofollow\" \/>\n<meta property=\"og:locale\" content=\"fr_FR\" \/>\n<meta property=\"og:type\" content=\"article\" \/>\n<meta property=\"og:title\" content=\"Prendre un rendez-vous dans l\u2019exposition - Tiba AG \u2013 Innovative Heizsysteme, Herde und \u00d6fen\" \/>\n<meta property=\"og:description\" content=\"\u2190 retour \u00e0 l&#8217;aper\u00e7u\" \/>\n<meta property=\"og:url\" content=\"https:\/\/tiba.ch\/fr\/prendre-un-rendez-vous-dans-lexposition\/\" \/>\n<meta property=\"og:site_name\" content=\"Tiba AG \u2013 Innovative Heizsysteme, Herde und \u00d6fen\" \/>\n<meta name=\"twitter:card\" content=\"summary_large_image\" \/>\n<script type=\"application\/ld+json\" class=\"yoast-schema-graph\">{\"@context\":\"https:\\\/\\\/schema.org\",\"@graph\":[{\"@type\":\"WebPage\",\"@id\":\"https:\\\/\\\/tiba.ch\\\/fr\\\/prendre-un-rendez-vous-dans-lexposition\\\/\",\"url\":\"https:\\\/\\\/tiba.ch\\\/fr\\\/prendre-un-rendez-vous-dans-lexposition\\\/\",\"name\":\"Prendre un rendez-vous dans l\u2019exposition - Tiba AG \u2013 Innovative Heizsysteme, Herde und \u00d6fen\",\"isPartOf\":{\"@id\":\"https:\\\/\\\/tiba.ch\\\/fr\\\/#website\"},\"datePublished\":\"2019-10-15T10:48:52+00:00\",\"breadcrumb\":{\"@id\":\"https:\\\/\\\/tiba.ch\\\/fr\\\/prendre-un-rendez-vous-dans-lexposition\\\/#breadcrumb\"},\"inLanguage\":\"fr-FR\",\"potentialAction\":[{\"@type\":\"ReadAction\",\"target\":[\"https:\\\/\\\/tiba.ch\\\/fr\\\/prendre-un-rendez-vous-dans-lexposition\\\/\"]}]},{\"@type\":\"BreadcrumbList\",\"@id\":\"https:\\\/\\\/tiba.ch\\\/fr\\\/prendre-un-rendez-vous-dans-lexposition\\\/#breadcrumb\",\"itemListElement\":[{\"@type\":\"ListItem\",\"position\":1,\"name\":\"Startseite\",\"item\":\"https:\\\/\\\/tiba.ch\\\/fr\\\/\"},{\"@type\":\"ListItem\",\"position\":2,\"name\":\"Prendre un rendez-vous dans l\u2019exposition\"}]},{\"@type\":\"WebSite\",\"@id\":\"https:\\\/\\\/tiba.ch\\\/fr\\\/#website\",\"url\":\"https:\\\/\\\/tiba.ch\\\/fr\\\/\",\"name\":\"Tiba AG \u2013 Innovative Heizsysteme, Herde und \u00d6fen\",\"description\":\"Wir stehen f\u00fcr kompromisslose Qualit\u00e4t, Innovation und elegantes Design \u00abMade in Switzerland\u00bb \u2013 seit \u00fcber 100 Jahren.\",\"potentialAction\":[{\"@type\":\"SearchAction\",\"target\":{\"@type\":\"EntryPoint\",\"urlTemplate\":\"https:\\\/\\\/tiba.ch\\\/fr\\\/?s={search_term_string}\"},\"query-input\":{\"@type\":\"PropertyValueSpecification\",\"valueRequired\":true,\"valueName\":\"search_term_string\"}}],\"inLanguage\":\"fr-FR\"}]}<\/script>\n<!-- \/ Yoast SEO plugin. -->","yoast_head_json":{"title":"Prendre un rendez-vous dans l\u2019exposition - Tiba AG \u2013 Innovative Heizsysteme, Herde und \u00d6fen","robots":{"index":"noindex","follow":"nofollow"},"og_locale":"fr_FR","og_type":"article","og_title":"Prendre un rendez-vous dans l\u2019exposition - Tiba AG \u2013 Innovative Heizsysteme, Herde und \u00d6fen","og_description":"\u2190 retour \u00e0 l&#8217;aper\u00e7u","og_url":"https:\/\/tiba.ch\/fr\/prendre-un-rendez-vous-dans-lexposition\/","og_site_name":"Tiba AG \u2013 Innovative Heizsysteme, Herde und \u00d6fen","twitter_card":"summary_large_image","schema":{"@context":"https:\/\/schema.org","@graph":[{"@type":"WebPage","@id":"https:\/\/tiba.ch\/fr\/prendre-un-rendez-vous-dans-lexposition\/","url":"https:\/\/tiba.ch\/fr\/prendre-un-rendez-vous-dans-lexposition\/","name":"Prendre un rendez-vous dans l\u2019exposition - Tiba AG \u2013 Innovative Heizsysteme, Herde und \u00d6fen","isPartOf":{"@id":"https:\/\/tiba.ch\/fr\/#website"},"datePublished":"2019-10-15T10:48:52+00:00","breadcrumb":{"@id":"https:\/\/tiba.ch\/fr\/prendre-un-rendez-vous-dans-lexposition\/#breadcrumb"},"inLanguage":"fr-FR","potentialAction":[{"@type":"ReadAction","target":["https:\/\/tiba.ch\/fr\/prendre-un-rendez-vous-dans-lexposition\/"]}]},{"@type":"BreadcrumbList","@id":"https:\/\/tiba.ch\/fr\/prendre-un-rendez-vous-dans-lexposition\/#breadcrumb","itemListElement":[{"@type":"ListItem","position":1,"name":"Startseite","item":"https:\/\/tiba.ch\/fr\/"},{"@type":"ListItem","position":2,"name":"Prendre un rendez-vous dans l\u2019exposition"}]},{"@type":"WebSite","@id":"https:\/\/tiba.ch\/fr\/#website","url":"https:\/\/tiba.ch\/fr\/","name":"Tiba AG \u2013 Innovative Heizsysteme, Herde und \u00d6fen","description":"Wir stehen f\u00fcr kompromisslose Qualit\u00e4t, Innovation und elegantes Design \u00abMade in Switzerland\u00bb \u2013 seit \u00fcber 100 Jahren.","potentialAction":[{"@type":"SearchAction","target":{"@type":"EntryPoint","urlTemplate":"https:\/\/tiba.ch\/fr\/?s={search_term_string}"},"query-input":{"@type":"PropertyValueSpecification","valueRequired":true,"valueName":"search_term_string"}}],"inLanguage":"fr-FR"}]}},"_links":{"self":[{"href":"https:\/\/tiba.ch\/fr\/wp-json\/wp\/v2\/pages\/4860","targetHints":{"allow":["GET"]}}],"collection":[{"href":"https:\/\/tiba.ch\/fr\/wp-json\/wp\/v2\/pages"}],"about":[{"href":"https:\/\/tiba.ch\/fr\/wp-json\/wp\/v2\/types\/page"}],"author":[{"embeddable":true,"href":"https:\/\/tiba.ch\/fr\/wp-json\/wp\/v2\/users\/1"}],"replies":[{"embeddable":true,"href":"https:\/\/tiba.ch\/fr\/wp-json\/wp\/v2\/comments?post=4860"}],"version-history":[{"count":0,"href":"https:\/\/tiba.ch\/fr\/wp-json\/wp\/v2\/pages\/4860\/revisions"}],"wp:attachment":[{"href":"https:\/\/tiba.ch\/fr\/wp-json\/wp\/v2\/media?parent=4860"}],"curies":[{"name":"wp","href":"https:\/\/api.w.org\/{rel}","templated":true}]}}